{"id":109,"date":"2026-02-08T18:15:51","date_gmt":"2026-02-08T17:15:51","guid":{"rendered":"https:\/\/jcpe76.fr\/boutique\/?page_id=109"},"modified":"2026-02-08T18:30:28","modified_gmt":"2026-02-08T17:30:28","slug":"mentions-legales-du-site-jcpe76-fr","status":"publish","type":"page","link":"https:\/\/jcpe76.fr\/boutique\/mentions-legales-du-site-jcpe76-fr\/","title":{"rendered":"Mentions l\u00e9gales"},"content":{"rendered":"<p data-start=\"394\" data-end=\"644\">Conform\u00e9ment aux dispositions de la <strong data-start=\"430\" data-end=\"515\">loi n\u00b02004-575 du 21 juin 2004 pour la confiance dans l\u2019\u00e9conomie num\u00e9rique (LCEN)<\/strong>, il est pr\u00e9cis\u00e9 aux utilisateurs du site l\u2019identit\u00e9 des diff\u00e9rents intervenants dans le cadre de sa r\u00e9alisation et de son suivi.<\/p>\n<hr data-start=\"646\" data-end=\"649\" \/>\n<h2 data-start=\"651\" data-end=\"672\">1. \u00c9diteur du site<\/h2>\n<p data-start=\"674\" data-end=\"705\">Le pr\u00e9sent site est \u00e9dit\u00e9 par :<\/p>\n<p data-start=\"707\" data-end=\"990\"><strong data-start=\"707\" data-end=\"733\">Nom de l\u2019association :<\/strong> JUDO CLUB DU PLATEAU EST (JCPE)<br data-start=\"764\" data-end=\"767\" \/><strong data-start=\"767\" data-end=\"789\">Statut juridique :<\/strong> Association loi 1901<br data-start=\"810\" data-end=\"813\" \/><strong data-start=\"813\" data-end=\"829\">Num\u00e9ro RNA :<\/strong> W761001215<br data-start=\"859\" data-end=\"862\" \/><strong data-start=\"862\" data-end=\"880\">Si\u00e8ge social :<\/strong> PLACE MARCEL RAGOT, 76520 FRANQUEVILLE-SAINT-PIERRE<br data-start=\"939\" data-end=\"942\" \/><strong data-start=\"942\" data-end=\"962\">Adresse e-mail :<\/strong> contact@jcpe76.fr<\/p>\n<p data-start=\"992\" data-end=\"1073\"><strong data-start=\"992\" data-end=\"1016\">Repr\u00e9sentant l\u00e9gal :<\/strong><br data-start=\"1016\" data-end=\"1019\" \/>J\u00e9r\u00e9my MASSIF<\/p>\n<hr data-start=\"1075\" data-end=\"1078\" \/>\n<h2 data-start=\"1080\" data-end=\"1113\">2. Directeur de la publication<\/h2>\n<p data-start=\"1115\" data-end=\"1216\">Le directeur de la publication est :<br data-start=\"1151\" data-end=\"1154\" \/><strong data-start=\"1154\" data-end=\"1216\">J\u00e9r\u00e9my MASSIF<\/strong><\/p>\n<hr data-start=\"1218\" data-end=\"1221\" \/>\n<h2 data-start=\"1223\" data-end=\"1248\">3. H\u00e9bergement du site<\/h2>\n<p data-start=\"1250\" data-end=\"1275\">Le site est h\u00e9berg\u00e9 par :<\/p>\n<p data-start=\"1277\" data-end=\"1465\"><strong data-start=\"1277\" data-end=\"1301\">Nom de l\u2019h\u00e9bergeur :<\/strong> OVH<br data-start=\"1335\" data-end=\"1338\" \/><strong data-start=\"1338\" data-end=\"1351\">Adresse :<\/strong> 2 rue Kellermann &#8211; 59100 Roubaix &#8211; France<br data-start=\"1421\" data-end=\"1424\" \/><strong data-start=\"1424\" data-end=\"1443\">Site internet : https:\/\/www.ovhcloud.com\/<\/strong><\/p>\n<hr data-start=\"1467\" data-end=\"1470\" \/>\n<h2 data-start=\"1472\" data-end=\"1494\">4. Activit\u00e9 du site<\/h2>\n<p data-start=\"1496\" data-end=\"1518\">Le site a pour objet :<\/p>\n<ul data-start=\"1519\" data-end=\"1723\">\n<li data-start=\"1519\" data-end=\"1587\">\n<p data-start=\"1521\" data-end=\"1587\">la pr\u00e9sentation des activit\u00e9s sportives de l\u2019association de Judo ;<\/p>\n<\/li>\n<li data-start=\"1588\" data-end=\"1632\">\n<p data-start=\"1590\" data-end=\"1632\">l\u2019information des adh\u00e9rents et visiteurs ;<\/p>\n<\/li>\n<li data-start=\"1633\" data-end=\"1723\">\n<p data-start=\"1635\" data-end=\"1723\">la vente de produits et\/ou services via une boutique en ligne utilisant <strong data-start=\"1707\" data-end=\"1722\">WooCommerce<\/strong>.<\/p>\n<\/li>\n<\/ul>\n<hr data-start=\"1725\" data-end=\"1728\" \/>\n<h2 data-start=\"1730\" data-end=\"1760\">5. Propri\u00e9t\u00e9 intellectuelle<\/h2>\n<p data-start=\"1762\" data-end=\"1906\">L\u2019ensemble du contenu du site (textes, images, logos, graphismes, documents, vid\u00e9os) est prot\u00e9g\u00e9 par le <strong data-start=\"1866\" data-end=\"1905\">Code de la propri\u00e9t\u00e9 intellectuelle<\/strong>.<\/p>\n<p data-start=\"1908\" data-end=\"2136\">Toute reproduction, repr\u00e9sentation, modification, publication ou adaptation, totale ou partielle, de ces \u00e9l\u00e9ments, quel que soit le moyen ou le proc\u00e9d\u00e9 utilis\u00e9, est interdite, sauf autorisation \u00e9crite pr\u00e9alable de l\u2019Association.<\/p>\n<hr data-start=\"2138\" data-end=\"2141\" \/>\n<h2 data-start=\"2143\" data-end=\"2163\">6. Responsabilit\u00e9<\/h2>\n<p data-start=\"2165\" data-end=\"2311\">L\u2019Association s\u2019efforce de fournir sur le site des informations aussi pr\u00e9cises que possible.<br data-start=\"2257\" data-end=\"2260\" \/>Toutefois, elle ne saurait \u00eatre tenue responsable :<\/p>\n<ul data-start=\"2312\" data-end=\"2525\">\n<li data-start=\"2312\" data-end=\"2373\">\n<p data-start=\"2314\" data-end=\"2373\">des omissions ou inexactitudes des informations diffus\u00e9es ;<\/p>\n<\/li>\n<li data-start=\"2374\" data-end=\"2460\">\n<p data-start=\"2376\" data-end=\"2460\">des dommages directs ou indirects r\u00e9sultant de l\u2019acc\u00e8s ou de l\u2019utilisation du site ;<\/p>\n<\/li>\n<li data-start=\"2461\" data-end=\"2525\">\n<p data-start=\"2463\" data-end=\"2525\">des dysfonctionnements techniques ou interruptions de service.<\/p>\n<\/li>\n<\/ul>\n<hr data-start=\"2527\" data-end=\"2530\" \/>\n<h2 data-start=\"2532\" data-end=\"2558\">7. Donn\u00e9es personnelles<\/h2>\n<p data-start=\"2560\" data-end=\"2738\">Les donn\u00e9es personnelles collect\u00e9es via le site sont trait\u00e9es conform\u00e9ment au <strong data-start=\"2638\" data-end=\"2696\">R\u00e8glement G\u00e9n\u00e9ral sur la Protection des Donn\u00e9es (RGPD)<\/strong> et \u00e0 la <strong data-start=\"2705\" data-end=\"2737\">loi Informatique et Libert\u00e9s<\/strong>.<\/p>\n<p data-start=\"2740\" data-end=\"2891\">Les modalit\u00e9s de collecte, de traitement et les droits des utilisateurs sont d\u00e9taill\u00e9s dans la <strong data-start=\"2835\" data-end=\"2867\">Politique de confidentialit\u00e9<\/strong>disponible sur le site.<\/p>\n<hr data-start=\"2893\" data-end=\"2896\" \/>\n<h2 data-start=\"2898\" data-end=\"2911\">8. Cookies<\/h2>\n<p data-start=\"2913\" data-end=\"3052\">Le site utilise des cookies n\u00e9cessaires \u00e0 son bon fonctionnement, ainsi que des cookies optionnels soumis au consentement de l\u2019utilisateur.<\/p>\n<p data-start=\"3054\" data-end=\"3163\">Les modalit\u00e9s de gestion des cookies sont d\u00e9taill\u00e9es dans la <strong data-start=\"3115\" data-end=\"3139\">Politique de cookies<\/strong> accessible sur le site.<\/p>\n<hr data-start=\"3165\" data-end=\"3168\" \/>\n<h2 data-start=\"3170\" data-end=\"3193\">9. Liens hypertextes<\/h2>\n<p data-start=\"3195\" data-end=\"3385\">Le site peut contenir des liens vers d\u2019autres sites internet.<br data-start=\"3256\" data-end=\"3259\" \/>L\u2019Association n\u2019exerce aucun contr\u00f4le sur ces sites et d\u00e9cline toute responsabilit\u00e9 quant \u00e0 leur contenu ou \u00e0 leurs pratiques.<\/p>\n<hr data-start=\"3387\" data-end=\"3390\" \/>\n<h2 data-start=\"3392\" data-end=\"3415\">10. Droit applicable<\/h2>\n<p data-start=\"3417\" data-end=\"3600\">Les pr\u00e9sentes mentions l\u00e9gales sont r\u00e9gies par le <strong data-start=\"3467\" data-end=\"3485\">droit fran\u00e7ais<\/strong>.<br data-start=\"3486\" data-end=\"3489\" \/>En cas de litige, et \u00e0 d\u00e9faut de r\u00e9solution amiable, les tribunaux fran\u00e7ais comp\u00e9tents seront seuls comp\u00e9tents.<\/p>\n","protected":false},"excerpt":{"rendered":"<p>Conform\u00e9ment aux dispositions de la loi n\u00b02004-575 du 21 juin 2004 pour la confiance dans l\u2019\u00e9conomie num\u00e9rique (LCEN), il est pr\u00e9cis\u00e9 aux utilisateurs du site l\u2019identit\u00e9 des diff\u00e9rents intervenants dans le cadre de sa r\u00e9alisation et de son suivi. 1. \u00c9diteur du site Le pr\u00e9sent site est \u00e9dit\u00e9 par : Nom de l\u2019association : JUDO [&hellip;]<\/p>\n","protected":false},"author":2,"featured_media":0,"parent":0,"menu_order":0,"comment_status":"closed","ping_status":"closed","template":"","meta":{"om_disable_all_campaigns":false,"_monsterinsights_skip_tracking":false,"_monsterinsights_sitenote_active":false,"_monsterinsights_sitenote_note":"","_monsterinsights_sitenote_category":0,"footnotes":""},"class_list":["post-109","page","type-page","status-publish","hentry"],"aioseo_notices":[],"_links":{"self":[{"href":"https:\/\/jcpe76.fr\/boutique\/wp-json\/wp\/v2\/pages\/109","targetHints":{"allow":["GET"]}}],"collection":[{"href":"https:\/\/jcpe76.fr\/boutique\/wp-json\/wp\/v2\/pages"}],"about":[{"href":"https:\/\/jcpe76.fr\/boutique\/wp-json\/wp\/v2\/types\/page"}],"author":[{"embeddable":true,"href":"https:\/\/jcpe76.fr\/boutique\/wp-json\/wp\/v2\/users\/2"}],"replies":[{"embeddable":true,"href":"https:\/\/jcpe76.fr\/boutique\/wp-json\/wp\/v2\/comments?post=109"}],"version-history":[{"count":4,"href":"https:\/\/jcpe76.fr\/boutique\/wp-json\/wp\/v2\/pages\/109\/revisions"}],"predecessor-version":[{"id":237,"href":"https:\/\/jcpe76.fr\/boutique\/wp-json\/wp\/v2\/pages\/109\/revisions\/237"}],"wp:attachment":[{"href":"https:\/\/jcpe76.fr\/boutique\/wp-json\/wp\/v2\/media?parent=109"}],"curies":[{"name":"wp","href":"https:\/\/api.w.org\/{rel}","templated":true}]}}